{"id":1081,"date":"2013-06-11T14:07:31","date_gmt":"2013-06-11T11:07:31","guid":{"rendered":"https:\/\/uusi.revoco.fi\/ledningsserier\/"},"modified":"2024-01-09T15:12:27","modified_gmt":"2024-01-09T13:12:27","slug":"ledningsserier","status":"publish","type":"page","link":"https:\/\/revoco.fi\/sv\/ledningsserier\/","title":{"rendered":"ledningsserier"},"content":{"rendered":"<table border=\"0\" cellspacing=\"0\" cellpadding=\"0\">\n<tbody>\n<tr>\n<td valign=\"top\">\n<table border=\"0\" cellspacing=\"0\" cellpadding=\"0\">\n<tbody>\n<tr align=\"left\" valign=\"top\">\n<td rowspan=\"3\"><img loading=\"lazy\" decoding=\"async\" class=\"alignnone size-full wp-image-142\" src=\"https:\/\/revoco.fi\/wp-content\/uploads\/2013\/06\/johdinsarjat_paakuva.jpg\" alt=\"johdinsarjat_paakuva\" width=\"200\" height=\"150\" \/><\/td>\n<td>\n<h1>Ledningsserier<\/h1>\n<\/td>\n<\/tr>\n<tr>\n<td valign=\"top\">Med v\u00e5rt automatiserade produktionsmaskineri tillverkar vi h\u00f6gklassiga ledningsserier kostnadseffektivt.<br \/>\nEnskilda ledningar \u00a0|\u00a0<a href=\"https:\/\/revoco.fi\/johdinsarjat\/yksittaisjohtimet\/\">L\u00e4s mer<\/a><\/p>\n<ul>\n<li>v\u00e5ra automatiska maskiner m\u00e4ter, kapar, skalar, m\u00e4rker och f\u00f6rtennar ledningsserier och monterar kopplingar kostnadseffektivt<\/li>\n<li>kvalitetskontroll i realtid<\/li>\n<\/ul>\n<p>Kablar \u00a0|\u00a0<a href=\"https:\/\/revoco.fi\/johdinsarjat\/kaapelit\/\">L\u00e4s mer<\/a><\/p>\n<ul>\n<li>v\u00e5ra automatiska maskiner m\u00e4ter, kapar och skalar kablar inkl. inre ledningar<\/li>\n<li>kvalitetskontroll i realtid<\/li>\n<\/ul>\n<p>Produktion<\/p>\n<p><iframe loading=\"lazy\" src=\"https:\/\/www.youtube.com\/embed\/P0npHgn-4Yg\" width=\"350\" height=\"270\" frameborder=\"0\" allowfullscreen=\"allowfullscreen\"><\/iframe><\/p>\n<p>Kopplingar \u00a0|\u00a0<a href=\"https:\/\/revoco.fi\/johdinsarjat\/liittimet\/\">L\u00e4s mer<\/a><\/p>\n<ul>\n<li>vi har ett brett sortiment kopplingar och kontakter<\/li>\n<li>\u00e4ven ultraljudssvetsning<\/li>\n<li>kvalitetskontroll och dokumentering av kopplingar\/kontakter efter kundens krav<\/li>\n<\/ul>\n<p>M\u00e4rkningar \u00a0|\u00a0<a href=\"https:\/\/revoco.fi\/johdinsarjat\/merkintatavat\/\">L\u00e4s mer<\/a><\/p>\n<ul>\n<li>kablar och skyddsstrumpor m\u00e4rks med bl\u00e4ckstr\u00e5le och v\u00e4rmest\u00e4mpel<\/li>\n<li>vi tillverkar ocks\u00e5 dekaler och typskyltar f\u00f6r industrins behov<\/li>\n<\/ul>\n<p>Montering \u00a0|\u00a0<a href=\"https:\/\/revoco.fi\/johdinsarjat\/kokoonpanotyot\/\">L\u00e4s mer<\/a><\/p>\n<ul>\n<li>vi monterar och kopplar ocks\u00e5 sm\u00e5 apparater som underleveranser<\/li>\n<\/ul>\n<p>Kvalitetskontroll \u00a0|\u00a0<a href=\"https:\/\/revoco.fi\/johdinsarjat\/laadunvalvonta\/\">L\u00e4s mer<\/a><\/p>\n<p>Kundcentrerad arbetsmodell:<\/p>\n<ul>\n<li>tillverkningsprocesserna efter kundens krav<\/li>\n<li>automation ger kostnadseffektivitet<\/li>\n<li>flexibla leveranstider<\/li>\n<li>p\u00e5litlig samarbetspartner<\/li>\n<\/ul>\n<\/td>\n<\/tr>\n<\/tbody>\n<\/table>\n<\/td>\n<\/tr>\n<\/tbody>\n<\/table>\n","protected":false},"excerpt":{"rendered":"<p>Ledningsserier Med v\u00e5rt automatiserade produktionsmaskineri tillverkar vi h\u00f6gklassiga ledningsserier kostnadseffektivt. Enskilda ledningar \u00a0|\u00a0L\u00e4s mer v\u00e5ra automatiska maskiner m\u00e4ter, kapar, skalar, m\u00e4rker och f\u00f6rtennar ledningsserier och monterar kopplingar kostnadseffektivt kvalitetskontroll i realtid Kablar \u00a0|\u00a0L\u00e4s mer v\u00e5ra automatiska maskiner m\u00e4ter, kapar och skalar kablar inkl. inre ledningar kvalitetskontroll i realtid Produktion Kopplingar \u00a0|\u00a0L\u00e4s mer vi har ett &#8230; <a title=\"ledningsserier\" class=\"read-more\" href=\"https:\/\/revoco.fi\/sv\/ledningsserier\/\" aria-label=\"Mer p\u00e5 ledningsserier\">L\u00e4s mer<\/a><\/p>\n","protected":false},"author":1,"featured_media":0,"parent":0,"menu_order":0,"comment_status":"closed","ping_status":"open","template":"","meta":{"footnotes":""},"class_list":["post-1081","page","type-page","status-publish"],"_links":{"self":[{"href":"https:\/\/revoco.fi\/sv\/wp-json\/wp\/v2\/pages\/1081","targetHints":{"allow":["GET"]}}],"collection":[{"href":"https:\/\/revoco.fi\/sv\/wp-json\/wp\/v2\/pages"}],"about":[{"href":"https:\/\/revoco.fi\/sv\/wp-json\/wp\/v2\/types\/page"}],"author":[{"embeddable":true,"href":"https:\/\/revoco.fi\/sv\/wp-json\/wp\/v2\/users\/1"}],"replies":[{"embeddable":true,"href":"https:\/\/revoco.fi\/sv\/wp-json\/wp\/v2\/comments?post=1081"}],"version-history":[{"count":1,"href":"https:\/\/revoco.fi\/sv\/wp-json\/wp\/v2\/pages\/1081\/revisions"}],"predecessor-version":[{"id":1569,"href":"https:\/\/revoco.fi\/sv\/wp-json\/wp\/v2\/pages\/1081\/revisions\/1569"}],"wp:attachment":[{"href":"https:\/\/revoco.fi\/sv\/wp-json\/wp\/v2\/media?parent=1081"}],"curies":[{"name":"wp","href":"https:\/\/api.w.org\/{rel}","templated":true}]}}