{"id":1087,"date":"2013-06-14T13:21:50","date_gmt":"2013-06-14T10:21:50","guid":{"rendered":"https:\/\/uusi.revoco.fi\/enskilda-ledningar\/"},"modified":"2013-06-14T13:21:50","modified_gmt":"2013-06-14T10:21:50","slug":"enskilda-ledningar","status":"publish","type":"page","link":"https:\/\/revoco.fi\/sv\/ledningsserier\/enskilda-ledningar\/","title":{"rendered":"Enskilda ledningar"},"content":{"rendered":"<p>F\u00f6r kunden \u00e4r kostnadseffektiviteten den fr\u00e4msta f\u00f6rdelen med automatiserad tillverkning av enskilda ledningar. V\u00e5r kvalitetskontroll i realtid i kombination med hela v\u00e5r kvalitetskultur g\u00f6r att produkterna alltid h\u00e5ller m\u00e5ttet.<\/p>\n<p>V\u00e5ra moderna automatiska maskiner m\u00e4ter, kapar, skalar och m\u00e4rker ledningarna. Vid behov monterar vi ocks\u00e5 kontakter och f\u00f6rtennar kabel\u00e4ndarna.<\/p>\n<p>Vi tillverkar allt fr\u00e5n sm\u00e5 serier till stora partier.<\/p>\n<p><img loading=\"lazy\" decoding=\"async\" class=\"alignnone size-full wp-image-149\" alt=\"johdinsarjat_kuva_1_lev200\" src=\"https:\/\/revoco.fi\/wp-content\/uploads\/2013\/06\/johdinsarjat_kuva_1_lev200.jpg\" width=\"200\" height=\"150\" \/><img loading=\"lazy\" decoding=\"async\" class=\"alignleft size-full wp-image-150\" alt=\"johdinsarjat_kuva_2_lev200\" src=\"https:\/\/revoco.fi\/wp-content\/uploads\/2013\/06\/johdinsarjat_kuva_2_lev200.jpg\" width=\"200\" height=\"267\" \/><img loading=\"lazy\" decoding=\"async\" src=\"https:\/\/revoco.fi\/wp-content\/uploads\/2013\/06\/johdinsarjat_kuva_3_lev200.jpg\" alt=\"johdinsarjat_kuva_3_lev200\" width=\"200\" height=\"150\" class=\"alignleft size-full wp-image-152\" \/><\/p>\n<p><br style=\"clear:both;\"><\/p>\n<p><img loading=\"lazy\" decoding=\"async\" src=\"https:\/\/revoco.fi\/wp-content\/uploads\/2013\/06\/johdinsarjat_kuva_4_lev200.jpg\" alt=\"johdinsarjat_kuva_4_lev200\" width=\"200\" height=\"150\" class=\"alignnone size-full wp-image-153\" \/><img loading=\"lazy\" decoding=\"async\" src=\"https:\/\/revoco.fi\/wp-content\/uploads\/2013\/06\/johdinsarjat_kuva_6_lev200.jpg\" alt=\"johdinsarjat_kuva_6_lev200\" width=\"200\" height=\"267\" class=\"alignleft size-full wp-image-159\" \/><img loading=\"lazy\" decoding=\"async\" src=\"https:\/\/revoco.fi\/wp-content\/uploads\/2013\/06\/johdinsarjat_kuva_8_lev200.jpg\" alt=\"johdinsarjat_kuva_8_lev200\" width=\"200\" height=\"150\" class=\"alignleft size-full wp-image-160\" \/><\/p>\n<p><br style=\"clear:both;\"><\/p>\n<p><img loading=\"lazy\" decoding=\"async\" src=\"https:\/\/revoco.fi\/wp-content\/uploads\/2013\/06\/johdinsarjat_kuva_9_lev200.jpg\" alt=\"johdinsarjat_kuva_9_lev200\" width=\"200\" height=\"150\" class=\"alignnone size-full wp-image-162\" \/><img loading=\"lazy\" decoding=\"async\" src=\"https:\/\/revoco.fi\/wp-content\/uploads\/2013\/06\/johdinsarjat_kuva_10_lev200.jpg\" alt=\"johdinsarjat_kuva_10_lev200\" width=\"200\" height=\"150\" class=\"alignleft size-full wp-image-163\" \/><\/p>\n","protected":false},"excerpt":{"rendered":"<p>F\u00f6r kunden \u00e4r kostnadseffektiviteten den fr\u00e4msta f\u00f6rdelen med automatiserad tillverkning av enskilda ledningar. V\u00e5r kvalitetskontroll i realtid i kombination med hela v\u00e5r kvalitetskultur g\u00f6r att produkterna alltid h\u00e5ller m\u00e5ttet. V\u00e5ra moderna automatiska maskiner m\u00e4ter, kapar, skalar och m\u00e4rker ledningarna. Vid behov monterar vi ocks\u00e5 kontakter och f\u00f6rtennar kabel\u00e4ndarna. Vi tillverkar allt fr\u00e5n sm\u00e5 serier till &#8230; <a title=\"Enskilda ledningar\" class=\"read-more\" href=\"https:\/\/revoco.fi\/sv\/ledningsserier\/enskilda-ledningar\/\" aria-label=\"Mer p\u00e5 Enskilda ledningar\">L\u00e4s mer<\/a><\/p>\n","protected":false},"author":1,"featured_media":0,"parent":1081,"menu_order":0,"comment_status":"open","ping_status":"open","template":"","meta":{"footnotes":""},"class_list":["post-1087","page","type-page","status-publish"],"_links":{"self":[{"href":"https:\/\/revoco.fi\/sv\/wp-json\/wp\/v2\/pages\/1087","targetHints":{"allow":["GET"]}}],"collection":[{"href":"https:\/\/revoco.fi\/sv\/wp-json\/wp\/v2\/pages"}],"about":[{"href":"https:\/\/revoco.fi\/sv\/wp-json\/wp\/v2\/types\/page"}],"author":[{"embeddable":true,"href":"https:\/\/revoco.fi\/sv\/wp-json\/wp\/v2\/users\/1"}],"replies":[{"embeddable":true,"href":"https:\/\/revoco.fi\/sv\/wp-json\/wp\/v2\/comments?post=1087"}],"version-history":[{"count":0,"href":"https:\/\/revoco.fi\/sv\/wp-json\/wp\/v2\/pages\/1087\/revisions"}],"up":[{"embeddable":true,"href":"https:\/\/revoco.fi\/sv\/wp-json\/wp\/v2\/pages\/1081"}],"wp:attachment":[{"href":"https:\/\/revoco.fi\/sv\/wp-json\/wp\/v2\/media?parent=1087"}],"curies":[{"name":"wp","href":"https:\/\/api.w.org\/{rel}","templated":true}]}}