{"id":1093,"date":"2013-06-19T15:09:50","date_gmt":"2013-06-19T12:09:50","guid":{"rendered":"https:\/\/uusi.revoco.fi\/kopplingar\/"},"modified":"2013-06-19T15:09:50","modified_gmt":"2013-06-19T12:09:50","slug":"kopplingar","status":"publish","type":"page","link":"https:\/\/revoco.fi\/sv\/ledningsserier\/kopplingar\/","title":{"rendered":"Kopplingar"},"content":{"rendered":"<p>Vi har ett brett sortiment kopplingar och kontakter.<\/p>\n<p>N\u00e5gra exempel:<\/p>\n<ul>\n<li>modularkontakter<\/li>\n<li>bandkabelkontakter<\/li>\n<li>D-kopplingar<\/li>\n<li>\u00e4ndhylsor<\/li>\n<li>ringkabelskor<\/li>\n<li>flatstifthylsor, \u00e4ven vinklade<\/li>\n<li>flerpoliga kontakter (bl.a. Molex, Tyco, JST, Hirose)<\/li>\n<li>gaffelkontakter<\/li>\n<li>audiokontakter<\/li>\n<li>skarvkopplingar<\/li>\n<li>ultraljudssvetsning<\/li>\n<\/ul>\n<p>Ultraljudssvetsning kan anv\u00e4ndas i st\u00e4llet f\u00f6r \u00e4ndhylsa t.ex. d\u00e5 \u00e4ndhylsan inte ryms i fj\u00e4derkontakten.<\/p>\n<p><img loading=\"lazy\" decoding=\"async\" src=\"https:\/\/revoco.fi\/wp-content\/uploads\/2013\/06\/liittimet_kuva1_lev200.jpg\" alt=\"liittimet_kuva1_lev200\" width=\"200\" height=\"150\" class=\"alignnone size-full wp-image-207\" \/><img loading=\"lazy\" decoding=\"async\" src=\"https:\/\/revoco.fi\/wp-content\/uploads\/2013\/06\/liittimet_kuva2_lev200.jpg\" alt=\"liittimet_kuva2_lev200\" width=\"200\" height=\"150\" class=\"alignleft size-full wp-image-206\" \/><img loading=\"lazy\" decoding=\"async\" src=\"https:\/\/revoco.fi\/wp-content\/uploads\/2013\/06\/liittimet_kuva3_lev200.jpg\" alt=\"liittimet_kuva3_lev200\" width=\"200\" height=\"150\" class=\"alignleft size-full wp-image-205\" \/><\/p>\n<p><br style=\"clear:both;\"><\/p>\n<p><img loading=\"lazy\" decoding=\"async\" src=\"https:\/\/revoco.fi\/wp-content\/uploads\/2013\/06\/liittimet_kuva4_lev200.jpg\" alt=\"liittimet_kuva4_lev200\" width=\"200\" height=\"267\" class=\"alignnone size-full wp-image-204\" \/><img loading=\"lazy\" decoding=\"async\" src=\"https:\/\/revoco.fi\/wp-content\/uploads\/2013\/06\/liittimet_kuva5_lev200.jpg\" alt=\"liittimet_kuva5_lev200\" width=\"200\" height=\"150\" class=\"alignleft size-full wp-image-203\" \/><img loading=\"lazy\" decoding=\"async\" src=\"https:\/\/revoco.fi\/wp-content\/uploads\/2013\/06\/liittimet_kuva6_lev200.jpg\" alt=\"liittimet_kuva6_lev200\" width=\"200\" height=\"150\" class=\"alignleft size-full wp-image-202\" \/><\/p>\n","protected":false},"excerpt":{"rendered":"<p>Vi har ett brett sortiment kopplingar och kontakter. N\u00e5gra exempel: modularkontakter bandkabelkontakter D-kopplingar \u00e4ndhylsor ringkabelskor flatstifthylsor, \u00e4ven vinklade flerpoliga kontakter (bl.a. Molex, Tyco, JST, Hirose) gaffelkontakter audiokontakter skarvkopplingar ultraljudssvetsning Ultraljudssvetsning kan anv\u00e4ndas i st\u00e4llet f\u00f6r \u00e4ndhylsa t.ex. d\u00e5 \u00e4ndhylsan inte ryms i fj\u00e4derkontakten.<\/p>\n","protected":false},"author":1,"featured_media":0,"parent":1081,"menu_order":0,"comment_status":"open","ping_status":"open","template":"","meta":{"footnotes":""},"class_list":["post-1093","page","type-page","status-publish"],"_links":{"self":[{"href":"https:\/\/revoco.fi\/sv\/wp-json\/wp\/v2\/pages\/1093","targetHints":{"allow":["GET"]}}],"collection":[{"href":"https:\/\/revoco.fi\/sv\/wp-json\/wp\/v2\/pages"}],"about":[{"href":"https:\/\/revoco.fi\/sv\/wp-json\/wp\/v2\/types\/page"}],"author":[{"embeddable":true,"href":"https:\/\/revoco.fi\/sv\/wp-json\/wp\/v2\/users\/1"}],"replies":[{"embeddable":true,"href":"https:\/\/revoco.fi\/sv\/wp-json\/wp\/v2\/comments?post=1093"}],"version-history":[{"count":0,"href":"https:\/\/revoco.fi\/sv\/wp-json\/wp\/v2\/pages\/1093\/revisions"}],"up":[{"embeddable":true,"href":"https:\/\/revoco.fi\/sv\/wp-json\/wp\/v2\/pages\/1081"}],"wp:attachment":[{"href":"https:\/\/revoco.fi\/sv\/wp-json\/wp\/v2\/media?parent=1093"}],"curies":[{"name":"wp","href":"https:\/\/api.w.org\/{rel}","templated":true}]}}