{"id":1096,"date":"2013-06-27T09:46:22","date_gmt":"2013-06-27T06:46:22","guid":{"rendered":"https:\/\/uusi.revoco.fi\/markningsmetoder\/"},"modified":"2013-06-27T09:46:22","modified_gmt":"2013-06-27T06:46:22","slug":"markningsmetoder","status":"publish","type":"page","link":"https:\/\/revoco.fi\/sv\/ledningsserier\/markningsmetoder\/","title":{"rendered":"M\u00e4rkningsmetoder"},"content":{"rendered":"<ul>\n<li>ledningar och skyddsstrumpor m\u00e4rks b\u00e5de med bl\u00e4ckstr\u00e5le och elektropneumatisk v\u00e4rmem\u00e4rkning<\/li>\n<li>kundens egna m\u00e4rkningar<\/li>\n<li>m\u00e4rkningar ocks\u00e5 p\u00e5 kopplingar<\/li>\n<li>vi tillverkar ocks\u00e5 dekaler och typskyltar f\u00f6r industrins behov<\/li>\n<\/ul>\n<p><img loading=\"lazy\" decoding=\"async\" src=\"https:\/\/revoco.fi\/wp-content\/uploads\/2013\/06\/merkintatavat_1.jpg\" alt=\"merkintatavat_1\" width=\"200\" height=\"150\" class=\"alignnone size-full wp-image-246\" \/><img loading=\"lazy\" decoding=\"async\" src=\"https:\/\/revoco.fi\/wp-content\/uploads\/2013\/06\/merkintatavat_2.jpg\" alt=\"merkintatavat_2\" width=\"200\" height=\"150\" class=\"alignleft size-full wp-image-247\" \/><img loading=\"lazy\" decoding=\"async\" src=\"https:\/\/revoco.fi\/wp-content\/uploads\/2013\/06\/merkintatavat_3.jpg\" alt=\"merkintatavat_3\" width=\"200\" height=\"150\" class=\"alignleft size-full wp-image-249\" \/><\/p>\n<p><br style=\"clear:both;\"><\/p>\n<p><img loading=\"lazy\" decoding=\"async\" src=\"https:\/\/revoco.fi\/wp-content\/uploads\/2013\/06\/merkintatavat_4.jpg\" alt=\"merkintatavat_4\" width=\"200\" height=\"150\" class=\"alignnone size-full wp-image-251\" \/><\/p>\n","protected":false},"excerpt":{"rendered":"<p>ledningar och skyddsstrumpor m\u00e4rks b\u00e5de med bl\u00e4ckstr\u00e5le och elektropneumatisk v\u00e4rmem\u00e4rkning kundens egna m\u00e4rkningar m\u00e4rkningar ocks\u00e5 p\u00e5 kopplingar vi tillverkar ocks\u00e5 dekaler och typskyltar f\u00f6r industrins behov<\/p>\n","protected":false},"author":1,"featured_media":0,"parent":1081,"menu_order":0,"comment_status":"open","ping_status":"open","template":"","meta":{"footnotes":""},"class_list":["post-1096","page","type-page","status-publish"],"_links":{"self":[{"href":"https:\/\/revoco.fi\/sv\/wp-json\/wp\/v2\/pages\/1096","targetHints":{"allow":["GET"]}}],"collection":[{"href":"https:\/\/revoco.fi\/sv\/wp-json\/wp\/v2\/pages"}],"about":[{"href":"https:\/\/revoco.fi\/sv\/wp-json\/wp\/v2\/types\/page"}],"author":[{"embeddable":true,"href":"https:\/\/revoco.fi\/sv\/wp-json\/wp\/v2\/users\/1"}],"replies":[{"embeddable":true,"href":"https:\/\/revoco.fi\/sv\/wp-json\/wp\/v2\/comments?post=1096"}],"version-history":[{"count":0,"href":"https:\/\/revoco.fi\/sv\/wp-json\/wp\/v2\/pages\/1096\/revisions"}],"up":[{"embeddable":true,"href":"https:\/\/revoco.fi\/sv\/wp-json\/wp\/v2\/pages\/1081"}],"wp:attachment":[{"href":"https:\/\/revoco.fi\/sv\/wp-json\/wp\/v2\/media?parent=1096"}],"curies":[{"name":"wp","href":"https:\/\/api.w.org\/{rel}","templated":true}]}}