{"id":1102,"date":"2013-06-27T10:15:11","date_gmt":"2013-06-27T07:15:11","guid":{"rendered":"https:\/\/uusi.revoco.fi\/kvalitetskontroll\/"},"modified":"2013-06-27T10:15:11","modified_gmt":"2013-06-27T07:15:11","slug":"kvalitetskontroll","status":"publish","type":"page","link":"https:\/\/revoco.fi\/sv\/ledningsserier\/kvalitetskontroll\/","title":{"rendered":"Kvalitetskontroll"},"content":{"rendered":"<p>V\u00e5ra ledningsserier och kablar tillverkas alltid exakt enligt kundens kvalitetskrav. Leveranserna anpassas efter behoven inom kundens egen produktion.<\/p>\n<p>Vi s\u00e4kerst\u00e4ller kvaliteten p\u00e5 v\u00e5ra produkter genom exakta och detaljerade arbetsanvisningar. Tillverkningsprocessen planeras alltid enligt kundens kvalitetskrav. Hela v\u00e5r organisation \u00e4r engagerad i att uppr\u00e4tth\u00e5lla och st\u00e4ndigt utveckla kvalitetsniv\u00e5n.<\/p>\n<p>Vi anv\u00e4nder flera olika testningsapparater f\u00f6r<\/p>\n<ul>\n<li>dragtestning<\/li>\n<li>m\u00e4tning av krimph\u00f6jd<\/li>\n<li>testning av ledningar<\/li>\n<\/ul>\n<p><img loading=\"lazy\" decoding=\"async\" src=\"https:\/\/revoco.fi\/wp-content\/uploads\/2013\/06\/laadunvalvonta_1.jpg\" alt=\"laadunvalvonta_1\" width=\"200\" height=\"150\" class=\"alignnone size-full wp-image-271\" \/><img loading=\"lazy\" decoding=\"async\" src=\"https:\/\/revoco.fi\/wp-content\/uploads\/2013\/06\/laadunvalvonta_2.jpg\" alt=\"laadunvalvonta_2\" width=\"200\" height=\"150\" class=\"alignleft size-full wp-image-272\" \/><img loading=\"lazy\" decoding=\"async\" src=\"https:\/\/revoco.fi\/wp-content\/uploads\/2013\/06\/laadunvalvonta_3.jpg\" alt=\"laadunvalvonta_3\" width=\"200\" height=\"150\" class=\"alignleft size-full wp-image-273\" \/><\/p>\n<p><br clear=\"all\" \/><\/p>\n<p><img loading=\"lazy\" decoding=\"async\" src=\"https:\/\/revoco.fi\/wp-content\/uploads\/2013\/06\/laadunvalvonta_4.jpg\" alt=\"laadunvalvonta_4\" width=\"200\" height=\"150\" class=\"alignnone size-full wp-image-275\" \/><img loading=\"lazy\" decoding=\"async\" src=\"https:\/\/revoco.fi\/wp-content\/uploads\/2013\/06\/laadunvalvonta_5.jpg\" alt=\"laadunvalvonta_5\" width=\"200\" height=\"301\" class=\"alignleft size-full wp-image-276\" srcset=\"https:\/\/revoco.fi\/wp-content\/uploads\/2013\/06\/laadunvalvonta_5.jpg 200w, https:\/\/revoco.fi\/wp-content\/uploads\/2013\/06\/laadunvalvonta_5-199x300.jpg 199w\" sizes=\"auto, (max-width: 200px) 100vw, 200px\" \/><\/p>\n","protected":false},"excerpt":{"rendered":"<p>V\u00e5ra ledningsserier och kablar tillverkas alltid exakt enligt kundens kvalitetskrav. Leveranserna anpassas efter behoven inom kundens egen produktion. Vi s\u00e4kerst\u00e4ller kvaliteten p\u00e5 v\u00e5ra produkter genom exakta och detaljerade arbetsanvisningar. Tillverkningsprocessen planeras alltid enligt kundens kvalitetskrav. Hela v\u00e5r organisation \u00e4r engagerad i att uppr\u00e4tth\u00e5lla och st\u00e4ndigt utveckla kvalitetsniv\u00e5n. Vi anv\u00e4nder flera olika testningsapparater f\u00f6r dragtestning m\u00e4tning &#8230; <a title=\"Kvalitetskontroll\" class=\"read-more\" href=\"https:\/\/revoco.fi\/sv\/ledningsserier\/kvalitetskontroll\/\" aria-label=\"Mer p\u00e5 Kvalitetskontroll\">L\u00e4s mer<\/a><\/p>\n","protected":false},"author":1,"featured_media":0,"parent":1081,"menu_order":0,"comment_status":"open","ping_status":"open","template":"","meta":{"footnotes":""},"class_list":["post-1102","page","type-page","status-publish"],"_links":{"self":[{"href":"https:\/\/revoco.fi\/sv\/wp-json\/wp\/v2\/pages\/1102","targetHints":{"allow":["GET"]}}],"collection":[{"href":"https:\/\/revoco.fi\/sv\/wp-json\/wp\/v2\/pages"}],"about":[{"href":"https:\/\/revoco.fi\/sv\/wp-json\/wp\/v2\/types\/page"}],"author":[{"embeddable":true,"href":"https:\/\/revoco.fi\/sv\/wp-json\/wp\/v2\/users\/1"}],"replies":[{"embeddable":true,"href":"https:\/\/revoco.fi\/sv\/wp-json\/wp\/v2\/comments?post=1102"}],"version-history":[{"count":0,"href":"https:\/\/revoco.fi\/sv\/wp-json\/wp\/v2\/pages\/1102\/revisions"}],"up":[{"embeddable":true,"href":"https:\/\/revoco.fi\/sv\/wp-json\/wp\/v2\/pages\/1081"}],"wp:attachment":[{"href":"https:\/\/revoco.fi\/sv\/wp-json\/wp\/v2\/media?parent=1102"}],"curies":[{"name":"wp","href":"https:\/\/api.w.org\/{rel}","templated":true}]}}